{"id":745,"date":"2025-03-14T23:03:46","date_gmt":"2025-03-14T23:03:46","guid":{"rendered":"https:\/\/extremo.pt\/?page_id=745"},"modified":"2026-03-30T09:11:12","modified_gmt":"2026-03-30T09:11:12","slug":"apresentacao","status":"publish","type":"page","link":"https:\/\/extremo.pt\/en\/apresentacao\/","title":{"rendered":"Presentation"},"content":{"rendered":"<div data-elementor-type=\"wp-page\" data-elementor-id=\"745\" class=\"elementor elementor-745\">\n\t\t\t\t<div class=\"elementor-element elementor-element-59744e2 e-con-full e-flex e-con e-parent\" data-id=\"59744e2\" data-element_type=\"container\" data-e-type=\"container\">\n\t\t<div class=\"elementor-element elementor-element-6932212 e-con-full e-flex e-con e-child\" data-id=\"6932212\" data-element_type=\"container\" data-e-type=\"container\" data-settings=\"{&quot;background_background&quot;:&quot;classic&quot;}\">\n\t\t\t\t<\/div>\n\t\t<div class=\"elementor-element elementor-element-9a63155 e-con-full e-flex e-con e-child\" data-id=\"9a63155\" data-element_type=\"container\" data-e-type=\"container\">\n\t\t<div class=\"elementor-element elementor-element-496dee9 e-con-full e-flex e-con e-child\" data-id=\"496dee9\" data-element_type=\"container\" data-e-type=\"container\">\n\t\t\t\t<div class=\"elementor-element elementor-element-3385b40 elementor-widget elementor-widget-text-editor\" data-id=\"3385b40\" data-element_type=\"widget\" data-e-type=\"widget\" data-widget_type=\"text-editor.default\">\n\t\t\t\t<div class=\"elementor-widget-container\">\n\t\t\t\t\t\t\t\t\t<p>Extremo is a festival in the format of a one-day journey, resembling a short pilgrimage. The program unfolds from sunrise to sunset, encompassing sonic journeys, performances and installations, as well as a series of exploratory and electronic music concerts.<br \/><span style=\"font-weight: 400;\">\u00a0 \u00a0 \u00a0<\/span>Conceived for the border territory between the municipalities of Braga and Guimar\u00e3es, the festival engages with the religious buildings of Monte da Falperra and its surrounding landscape and culture, blurring the boundaries between municipalities, artistic genres, and between art and nature.<\/p>\t\t\t\t\t\t\t\t<\/div>\n\t\t\t\t<\/div>\n\t\t\t\t<\/div>\n\t\t<div class=\"elementor-element elementor-element-06f16aa e-con-full e-flex e-con e-child\" data-id=\"06f16aa\" data-element_type=\"container\" data-e-type=\"container\">\n\t\t\t\t<div class=\"elementor-element elementor-element-2c595f2 elementor-widget elementor-widget-text-editor\" data-id=\"2c595f2\" data-element_type=\"widget\" data-e-type=\"widget\" data-widget_type=\"text-editor.default\">\n\t\t\t\t<div class=\"elementor-widget-container\">\n\t\t\t\t\t\t\t\t\t<p>Installations\u00a0<\/p><p>Workshops<\/p><p>Guided Tours<\/p><p>\u00a0<\/p><p>And much more<\/p>\t\t\t\t\t\t\t\t<\/div>\n\t\t\t\t<\/div>\n\t\t\t\t<\/div>\n\t\t\t\t<\/div>\n\t\t\t\t<\/div>\n\t\t\t\t<\/div>","protected":false},"excerpt":{"rendered":"<p>Extremo \u00e9 um festival com o formato de um percurso de um dia, assemelhando-se a uma curta peregrina\u00e7\u00e3o. O programa estende-se desde o nascer ao p\u00f4r do sol, cruzando viagens sonoras, performances e instala\u00e7\u00f5es e um conjunto de concertos de m\u00fasica explorat\u00f3ria e eletr\u00f3nica.\u00a0 \u00a0 \u00a0Pensado para o territ\u00f3rio de fronteira entre os munic\u00edpios de [&hellip;]<\/p>\n","protected":false},"author":1,"featured_media":0,"parent":0,"menu_order":0,"comment_status":"closed","ping_status":"closed","template":"elementor_header_footer","meta":{"footnotes":""},"class_list":["post-745","page","type-page","status-publish","hentry"],"_links":{"self":[{"href":"https:\/\/extremo.pt\/en\/wp-json\/wp\/v2\/pages\/745","targetHints":{"allow":["GET"]}}],"collection":[{"href":"https:\/\/extremo.pt\/en\/wp-json\/wp\/v2\/pages"}],"about":[{"href":"https:\/\/extremo.pt\/en\/wp-json\/wp\/v2\/types\/page"}],"author":[{"embeddable":true,"href":"https:\/\/extremo.pt\/en\/wp-json\/wp\/v2\/users\/1"}],"replies":[{"embeddable":true,"href":"https:\/\/extremo.pt\/en\/wp-json\/wp\/v2\/comments?post=745"}],"version-history":[{"count":46,"href":"https:\/\/extremo.pt\/en\/wp-json\/wp\/v2\/pages\/745\/revisions"}],"predecessor-version":[{"id":1690,"href":"https:\/\/extremo.pt\/en\/wp-json\/wp\/v2\/pages\/745\/revisions\/1690"}],"wp:attachment":[{"href":"https:\/\/extremo.pt\/en\/wp-json\/wp\/v2\/media?parent=745"}],"curies":[{"name":"wp","href":"https:\/\/api.w.org\/{rel}","templated":true}]}}